{"id":610,"date":"2025-12-19T23:57:50","date_gmt":"2025-12-19T23:57:50","guid":{"rendered":"https:\/\/congosynthese.com\/?page_id=610"},"modified":"2025-12-22T08:32:22","modified_gmt":"2025-12-22T08:32:22","slug":"can-2025-calendrier-groupes-resultats","status":"publish","type":"page","link":"https:\/\/congosynthese.com\/index.php\/can-2025-calendrier-groupes-resultats\/","title":{"rendered":"CAN2025"},"content":{"rendered":"\t\t<div data-elementor-type=\"wp-page\" data-elementor-id=\"610\" class=\"elementor elementor-610\">\n\t\t\t\t<div class=\"elementor-element elementor-element-9b2d14d e-flex e-con-boxed e-con e-parent\" data-id=\"9b2d14d\" data-element_type=\"container\">\n\t\t\t\t\t<div class=\"e-con-inner\">\n\t\t\t\t<div class=\"elementor-element elementor-element-e9d0a23 elementor-widget elementor-widget-text-editor\" data-id=\"e9d0a23\" data-element_type=\"widget\" data-widget_type=\"text-editor.default\">\n\t\t\t\t\t\t\t\t\t      <div class=\"aft-widget\" id=\"aft_b3b98b5d-6dcd-43ef-add7-8a79e910b468\" data-default-tab=\"table\" data-aft-nonce=\"41c8a8e876\">\n        <div class=\"aft-tabs\" role=\"tablist\" aria-label=\"Competition Tabs\">\n                      <button class=\"aft-tab\" type=\"button\" role=\"tab\" data-tab=\"live\" aria-selected=\"false\">\n              Live            <\/button>\n                      <button class=\"aft-tab\" type=\"button\" role=\"tab\" data-tab=\"fixtures\" aria-selected=\"false\">\n              Fixtures            <\/button>\n                      <button class=\"aft-tab is-active\" type=\"button\" role=\"tab\" data-tab=\"table\" aria-selected=\"true\">\n              Table            <\/button>\n                      <button class=\"aft-tab\" type=\"button\" role=\"tab\" data-tab=\"players\" aria-selected=\"false\">\n              Players            <\/button>\n                  <\/div>\n\n        <div class=\"aft-panels\">\n                      <section class=\"aft-panel\" role=\"tabpanel\" data-panel=\"live\">\n                  <div class=\"aft-livebar\">\n      <div class=\"aft-live-title\">Live scores<\/div>\n      <div class=\"aft-live-meta\">Auto refresh: 30s<\/div>\n    <\/div>\n\n    <div class=\"aft-live\" data-aft-live=\"1\" data-aft-league=\"6\" data-aft-season=\"2025\" data-aft-poll=\"30\">\n      <div class=\"aft-empty\">No live matches<\/div>    <\/div>\n\n    <div class=\"aft-modal\" data-aft-modal=\"1\" aria-hidden=\"true\">\n      <div class=\"aft-modal-backdrop\" data-aft-modal-close=\"1\"><\/div>\n      <div class=\"aft-modal-dialog\" role=\"dialog\" aria-modal=\"true\" aria-label=\"Match details\">\n        <button class=\"aft-modal-close\" type=\"button\" data-aft-modal-close=\"1\">\u00d7<\/button>\n        <div class=\"aft-modal-body\" data-aft-modal-body=\"1\"><div class=\"aft-empty\">Loading\u2026<\/div><\/div>\n      <\/div>\n    <\/div>\n                <\/section>\n          \n                      <section class=\"aft-panel\" role=\"tabpanel\" data-panel=\"fixtures\">\n              <div class=\"aft-empty\">No fixtures available.<\/div>            <\/section>\n          \n                      <section class=\"aft-panel is-active\" role=\"tabpanel\" data-panel=\"table\">\n              <div class=\"aft-empty\">No standings available.<\/div>            <\/section>\n          \n                      <section class=\"aft-panel\" role=\"tabpanel\" data-panel=\"players\">\n              <div class=\"aft-empty\">No players available.<\/div>            <\/section>\n                  <\/div>\n      <\/div>\n    \t\t\t\t\t\t\t\t<\/div>\n\t\t\t\t\t<\/div>\n\t\t\t\t<\/div>\n\t\t\t\t<\/div>\n\t\t","protected":false},"excerpt":{"rendered":"Live Fixtures Table Players Live scores Auto refresh: 30s No live matches \u00d7 Loading\u2026 No fixtures available. No standings available. No players available.","protected":false},"author":1,"featured_media":0,"parent":0,"menu_order":0,"comment_status":"closed","ping_status":"closed","template":"","meta":{"content-type":"","jnews_page_loop":{"first_title":"Latest Post","header_type":"heading_6","layout":"right-sidebar","sidebar":"default-sidebar","second_sidebar":"default-sidebar","sticky_sidebar":"1","module":"3","main_custom_image_size":"default","second_custom_image_size":"default","excerpt_length":"20","content_date":"default","date_custom":"Y\/m\/d","content_pagination":"nav_1","pagination_align":"center","post_sticky":"0","post_offset":"0","posts_per_page":"5","sort_by":"latest"},"jnews_single_page":{"layout":"no-sidebar","sidebar":"default-sidebar","second_sidebar":"default-sidebar","sticky_sidebar":"1","show_post_title":"1","show_post_breadcrumbs":"1","show_post_featured":"1","share_position":"top","share_color":"share-monocrhome"},"jnews_social_meta":[],"footnotes":""},"class_list":["post-610","page","type-page","status-publish","hentry"],"yoast_head":"<!-- This site is optimized with the Yoast SEO plugin v26.6 - https:\/\/yoast.com\/wordpress\/plugins\/seo\/ -->\n<title>CAN2025 - congosynth\u00e8se<\/title>\n<meta name=\"description\" content=\"CAN 2025 : calendrier, groupes, r\u00e9sultats, \u00e9quipes qualifi\u00e9es et focus sur la RDC. Toutes les infos essentielles en temps r\u00e9el.\" \/>\n<meta name=\"robots\" content=\"index, follow, max-snippet:-1, max-image-preview:large, max-video-preview:-1\" \/>\n<link rel=\"canonical\" href=\"https:\/\/congosynthese.com\/index.php\/can-2025-calendrier-groupes-resultats\/\" \/>\n<meta property=\"og:locale\" content=\"fr_FR\" \/>\n<meta property=\"og:type\" content=\"article\" \/>\n<meta property=\"og:title\" content=\"CAN2025 - congosynth\u00e8se\" \/>\n<meta property=\"og:description\" content=\"CAN 2025 : calendrier, groupes, r\u00e9sultats, \u00e9quipes qualifi\u00e9es et focus sur la RDC. Toutes les infos essentielles en temps r\u00e9el.\" \/>\n<meta property=\"og:url\" content=\"https:\/\/congosynthese.com\/index.php\/can-2025-calendrier-groupes-resultats\/\" \/>\n<meta property=\"og:site_name\" content=\"congosynth\u00e8se\" \/>\n<meta property=\"article:publisher\" content=\"https:\/\/www.facebook.com\/congosyntheseofficialpage\" \/>\n<meta property=\"article:modified_time\" content=\"2025-12-22T08:32:22+00:00\" \/>\n<meta name=\"twitter:card\" content=\"summary_large_image\" \/>\n<meta name=\"twitter:label1\" content=\"Dur\u00e9e de lecture estim\u00e9e\" \/>\n\t<meta name=\"twitter:data1\" content=\"1 minute\" \/>\n<script type=\"application\/ld+json\" class=\"yoast-schema-graph\">{\"@context\":\"https:\/\/schema.org\",\"@graph\":[{\"@type\":\"WebPage\",\"@id\":\"https:\/\/congosynthese.com\/index.php\/can-2025-calendrier-groupes-resultats\/\",\"url\":\"https:\/\/congosynthese.com\/index.php\/can-2025-calendrier-groupes-resultats\/\",\"name\":\"CAN2025 - congosynth\u00e8se\",\"isPartOf\":{\"@id\":\"https:\/\/congosynthese.com\/#website\"},\"datePublished\":\"2025-12-19T23:57:50+00:00\",\"dateModified\":\"2025-12-22T08:32:22+00:00\",\"description\":\"CAN 2025 : calendrier, groupes, r\u00e9sultats, \u00e9quipes qualifi\u00e9es et focus sur la RDC. Toutes les infos essentielles en temps r\u00e9el.\",\"breadcrumb\":{\"@id\":\"https:\/\/congosynthese.com\/index.php\/can-2025-calendrier-groupes-resultats\/#breadcrumb\"},\"inLanguage\":\"fr-FR\",\"potentialAction\":[{\"@type\":\"ReadAction\",\"target\":[\"https:\/\/congosynthese.com\/index.php\/can-2025-calendrier-groupes-resultats\/\"]}]},{\"@type\":\"BreadcrumbList\",\"@id\":\"https:\/\/congosynthese.com\/index.php\/can-2025-calendrier-groupes-resultats\/#breadcrumb\",\"itemListElement\":[{\"@type\":\"ListItem\",\"position\":1,\"name\":\"Accueil\",\"item\":\"https:\/\/congosynthese.com\/\"},{\"@type\":\"ListItem\",\"position\":2,\"name\":\"CAN2025\"}]},{\"@type\":\"WebSite\",\"@id\":\"https:\/\/congosynthese.com\/#website\",\"url\":\"https:\/\/congosynthese.com\/\",\"name\":\"congosynth\u00e8se\",\"description\":\"CongoSynth\u00e8se : la synth\u00e8se de l\u2019info sur la RDC, l\u2019Afrique et le monde.\",\"publisher\":{\"@id\":\"https:\/\/congosynthese.com\/#organization\"},\"potentialAction\":[{\"@type\":\"SearchAction\",\"target\":{\"@type\":\"EntryPoint\",\"urlTemplate\":\"https:\/\/congosynthese.com\/?s={search_term_string}\"},\"query-input\":{\"@type\":\"PropertyValueSpecification\",\"valueRequired\":true,\"valueName\":\"search_term_string\"}}],\"inLanguage\":\"fr-FR\"},{\"@type\":\"Organization\",\"@id\":\"https:\/\/congosynthese.com\/#organization\",\"name\":\"congosynth\u00e8se\",\"url\":\"https:\/\/congosynthese.com\/\",\"logo\":{\"@type\":\"ImageObject\",\"inLanguage\":\"fr-FR\",\"@id\":\"https:\/\/congosynthese.com\/#\/schema\/logo\/image\/\",\"url\":\"https:\/\/congosynthese.com\/wp-content\/uploads\/2025\/09\/cropped-ChatGPT-Image-Aug-10-2025-at-12_21_47-AM-1.png\",\"contentUrl\":\"https:\/\/congosynthese.com\/wp-content\/uploads\/2025\/09\/cropped-ChatGPT-Image-Aug-10-2025-at-12_21_47-AM-1.png\",\"width\":512,\"height\":512,\"caption\":\"congosynth\u00e8se\"},\"image\":{\"@id\":\"https:\/\/congosynthese.com\/#\/schema\/logo\/image\/\"},\"sameAs\":[\"https:\/\/www.facebook.com\/congosyntheseofficialpage\"]}]}<\/script>\n<!-- \/ Yoast SEO plugin. -->","yoast_head_json":{"title":"CAN2025 - congosynth\u00e8se","description":"CAN 2025 : calendrier, groupes, r\u00e9sultats, \u00e9quipes qualifi\u00e9es et focus sur la RDC. Toutes les infos essentielles en temps r\u00e9el.","robots":{"index":"index","follow":"follow","max-snippet":"max-snippet:-1","max-image-preview":"max-image-preview:large","max-video-preview":"max-video-preview:-1"},"canonical":"https:\/\/congosynthese.com\/index.php\/can-2025-calendrier-groupes-resultats\/","og_locale":"fr_FR","og_type":"article","og_title":"CAN2025 - congosynth\u00e8se","og_description":"CAN 2025 : calendrier, groupes, r\u00e9sultats, \u00e9quipes qualifi\u00e9es et focus sur la RDC. Toutes les infos essentielles en temps r\u00e9el.","og_url":"https:\/\/congosynthese.com\/index.php\/can-2025-calendrier-groupes-resultats\/","og_site_name":"congosynth\u00e8se","article_publisher":"https:\/\/www.facebook.com\/congosyntheseofficialpage","article_modified_time":"2025-12-22T08:32:22+00:00","twitter_card":"summary_large_image","twitter_misc":{"Dur\u00e9e de lecture estim\u00e9e":"1 minute"},"schema":{"@context":"https:\/\/schema.org","@graph":[{"@type":"WebPage","@id":"https:\/\/congosynthese.com\/index.php\/can-2025-calendrier-groupes-resultats\/","url":"https:\/\/congosynthese.com\/index.php\/can-2025-calendrier-groupes-resultats\/","name":"CAN2025 - congosynth\u00e8se","isPartOf":{"@id":"https:\/\/congosynthese.com\/#website"},"datePublished":"2025-12-19T23:57:50+00:00","dateModified":"2025-12-22T08:32:22+00:00","description":"CAN 2025 : calendrier, groupes, r\u00e9sultats, \u00e9quipes qualifi\u00e9es et focus sur la RDC. Toutes les infos essentielles en temps r\u00e9el.","breadcrumb":{"@id":"https:\/\/congosynthese.com\/index.php\/can-2025-calendrier-groupes-resultats\/#breadcrumb"},"inLanguage":"fr-FR","potentialAction":[{"@type":"ReadAction","target":["https:\/\/congosynthese.com\/index.php\/can-2025-calendrier-groupes-resultats\/"]}]},{"@type":"BreadcrumbList","@id":"https:\/\/congosynthese.com\/index.php\/can-2025-calendrier-groupes-resultats\/#breadcrumb","itemListElement":[{"@type":"ListItem","position":1,"name":"Accueil","item":"https:\/\/congosynthese.com\/"},{"@type":"ListItem","position":2,"name":"CAN2025"}]},{"@type":"WebSite","@id":"https:\/\/congosynthese.com\/#website","url":"https:\/\/congosynthese.com\/","name":"congosynth\u00e8se","description":"CongoSynth\u00e8se : la synth\u00e8se de l\u2019info sur la RDC, l\u2019Afrique et le monde.","publisher":{"@id":"https:\/\/congosynthese.com\/#organization"},"potentialAction":[{"@type":"SearchAction","target":{"@type":"EntryPoint","urlTemplate":"https:\/\/congosynthese.com\/?s={search_term_string}"},"query-input":{"@type":"PropertyValueSpecification","valueRequired":true,"valueName":"search_term_string"}}],"inLanguage":"fr-FR"},{"@type":"Organization","@id":"https:\/\/congosynthese.com\/#organization","name":"congosynth\u00e8se","url":"https:\/\/congosynthese.com\/","logo":{"@type":"ImageObject","inLanguage":"fr-FR","@id":"https:\/\/congosynthese.com\/#\/schema\/logo\/image\/","url":"https:\/\/congosynthese.com\/wp-content\/uploads\/2025\/09\/cropped-ChatGPT-Image-Aug-10-2025-at-12_21_47-AM-1.png","contentUrl":"https:\/\/congosynthese.com\/wp-content\/uploads\/2025\/09\/cropped-ChatGPT-Image-Aug-10-2025-at-12_21_47-AM-1.png","width":512,"height":512,"caption":"congosynth\u00e8se"},"image":{"@id":"https:\/\/congosynthese.com\/#\/schema\/logo\/image\/"},"sameAs":["https:\/\/www.facebook.com\/congosyntheseofficialpage"]}]}},"amp_enabled":false,"_links":{"self":[{"href":"https:\/\/congosynthese.com\/index.php\/wp-json\/wp\/v2\/pages\/610","targetHints":{"allow":["GET"]}}],"collection":[{"href":"https:\/\/congosynthese.com\/index.php\/wp-json\/wp\/v2\/pages"}],"about":[{"href":"https:\/\/congosynthese.com\/index.php\/wp-json\/wp\/v2\/types\/page"}],"author":[{"embeddable":true,"href":"https:\/\/congosynthese.com\/index.php\/wp-json\/wp\/v2\/users\/1"}],"replies":[{"embeddable":true,"href":"https:\/\/congosynthese.com\/index.php\/wp-json\/wp\/v2\/comments?post=610"}],"version-history":[{"count":28,"href":"https:\/\/congosynthese.com\/index.php\/wp-json\/wp\/v2\/pages\/610\/revisions"}],"predecessor-version":[{"id":668,"href":"https:\/\/congosynthese.com\/index.php\/wp-json\/wp\/v2\/pages\/610\/revisions\/668"}],"wp:attachment":[{"href":"https:\/\/congosynthese.com\/index.php\/wp-json\/wp\/v2\/media?parent=610"}],"curies":[{"name":"wp","href":"https:\/\/api.w.org\/{rel}","templated":true}]}}